{"id":102,"date":"2015-06-18T18:24:09","date_gmt":"2015-06-18T16:24:09","guid":{"rendered":"https:\/\/www.grundschule-lastrup.de\/?page_id=102"},"modified":"2025-05-26T15:41:43","modified_gmt":"2025-05-26T13:41:43","slug":"unsere-schule","status":"publish","type":"page","link":"https:\/\/www.grundschule-lastrup.de\/?page_id=102","title":{"rendered":"Schule"},"content":{"rendered":"<p><strong>Die Astrid Lindgren Schule Lastrup im Schuljahr 2024\/2025<\/strong><\/p>\n<p>Die Grundschule Lastrup ist eine drei- bis vierz\u00fcgige verl\u00e4ssliche, inklusive Grundschule mit offenem Ganztagsangebot. Seit dem Jahr 2011 tr\u00e4gt die Schule offiziell den Namen Astrid Lindgren Schule. Sie befindet sich in der Schultr\u00e4gerschaft der Gemeinde Lastrup. Im Schuljahr 2024\/2025 werden 283 Jungen und M\u00e4dchen in 14 Klassen unterrichtet. In den Jahrg\u00e4ngen eins und drei gibt es je drei Klassen, in den Jahrg\u00e4ngen zwei und vier sind es je vier Klassen. Zum Kollegium geh\u00f6ren 19 Lehrkr\u00e4fte. Zus\u00e4tzlich sind insgesamt 12 p\u00e4dagogische Mitarbeiterinnen in Teilzeit als Vertretungskr\u00e4fte im Schulvormittag, in der Betreuungszeit von 12:00 Uhr bis 13:00 Uhr und in der Ganztagsbetreuung bis 15:30 Uhr besch\u00e4ftigt. Als Schulbegleiterinnen betreuen vier Kolleginnen im Auftrag des Landkreises einzelne Kinder w\u00e4hrend des Unterrichtes am Vormittag. Eine Schulsozialarbeiterin und ein Schulsozialarbeiter des Caritas-Sozialwerkes unterst\u00fctzen das Kollegium mit insgesamt 9 Wochenstunden. Fest zum Team geh\u00f6ren auch eine Sekret\u00e4rin und eine Mitarbeiterin im Bundesfreiwilligendienst. Ein Hausmeister und drei Mensakr\u00e4fte sind gemeinsam an der Oberschule und der Grundschule besch\u00e4ftigt. Herr Josef Niehaus leitet die Schule seit August 2013 und Frau Petra Herzog ist seit 2007 als Konrektorin t\u00e4tig.<\/p>\n<p><strong>Verl\u00e4sslichkeit und Betreuung<\/strong><\/p>\n<p>Die Astrid Lindgren Schule ist eine sogenannte \u201eVerl\u00e4ssliche Grundschule\u201c mit einem offenen Ganztagsangebot. Verl\u00e4sslich bedeutet in diesem Zusammenhang, dass der Unterricht und eine Betreuungszeit bis 13:00 Uhr garantiert sind. So wird zum Beispiel bei einem krankheitsbedingten Ausfall einer Lehrkraft eine Vertretungskraft eingesetzt. Die Kinder d\u00fcrfen nicht einfach nach Hause geschickt werden. Diese Verl\u00e4sslichkeit ist f\u00fcr die t\u00e4gliche Planungssicherheit berufst\u00e4tiger Eltern und Erziehungsberechtigter sehr wichtig.<\/p>\n<p><strong>Die Astrid Lindgren Schule als inklusive Schule<\/strong><\/p>\n<p>Ebenfalls seit 2013 wird die Astrid Lindgren Schule als inklusive Schule gef\u00fchrt. Das bedeutet, dass alle Kinder aus dem Schulbezirk die Schule besuchen k\u00f6nnen. Die Eltern von Kindern mit festgestelltem Unterst\u00fctzungsbedarf entscheiden, ob ihr Kind eine F\u00f6rderschule oder die Grundschule besuchen soll. Dem Kollegium ist die fortlaufende Entwicklung ihres p\u00e4dagogischen Profils im Hinblick auf eine Schule \u201eF\u00fcr alle Kinder\u201c sehr wichtig.<\/p>\n<p>Gro\u00dfe Unterst\u00fctzung im Bereich der Inklusion erfahren die Lehrkr\u00e4fte durch die Gemeinde Lastrup als Schultr\u00e4ger. In den Folgejahren nach Einf\u00fchrung der Inklusion durch das Land Niedersachsen wurde das Geb\u00e4ude vollst\u00e4ndig barrierefrei umgebaut. Alle Eingangst\u00fcren lassen sich \u00fcber elektrische T\u00fcr\u00f6ffner bedienen. Ein Fahrstuhl und eine behindertengerechte Toilette mit elektrischem Wickeltisch wurden eingebaut. Alle Klassenr\u00e4ume verf\u00fcgen \u00fcber moderne Akustikdecken und LED-Lampen. In einigen R\u00e4umen gibt es zus\u00e4tzlich sogenannte \u201eSoundField-Systeme\u201c, die Kinder und Lehrkr\u00e4fte mit H\u00f6rauff\u00e4lligkeiten den Unterricht erleichtern.<\/p>\n<p>Das gemeinsame Lernen zeigt sich auch in einer engen Kooperation mit der Sophie-Scholl-Schule Lastrup. Diese Kooperation besteht schon seit mehr als zehn Jahren und wird vom gesamten Kollegium begr\u00fc\u00dft und mitgetragen. Die benachbarte Caritas-Tagungsbildungsst\u00e4tte besuchen Sch\u00fclerinnen und Sch\u00fclern mit dem Unterst\u00fctzungsbedarf \u201eGeistige Entwicklung\u201c. Es besteht eine langj\u00e4hrige Zusammenarbeit im Bereich des Sport- und Schwimmunterrichtes. Das bedeutet, dass Lehrkr\u00e4fte und Erzieherinnen und Erzieher w\u00f6chentlich Kinder beider Schulen gemeinsam in einer Gruppe unterrichten. Auch gemeinsame Musikprojekte, Theaterauff\u00fchrungen und Feiern werden regelm\u00e4\u00dfig durchgef\u00fchrt.<\/p>\n<p>Im Sinne des inklusiven Gedankens verbringen die Kinder nach M\u00f6glichkeit auch die Pausen miteinander. Um das schul\u00fcbergreifende Spielen auf dem weitgehend barrierefreien Schulhof noch weiter zu unterst\u00fctzen, wurde vor zwei Jahren ein Rollstuhlkarussell aufgebaut. Es verf\u00fcgt \u00fcber drei Rollstuhlpl\u00e4tze und zus\u00e4tzlich \u00fcber drei Sitzpl\u00e4tze. Die Drehung erfolgt mithilfe der H\u00e4nde. Kinder der F\u00f6rderschule und Kinder der Regelschule spielen und erleben dieses Spielger\u00e4t gemeinsam.<\/p>\n<p>Der Aufbau der sehr teuren Anlage konnte allerdings nur mit hohem finanziellem Aufwand der Gemeinde und mit F\u00f6rdergeldern der EU (Leader-Programm) erfolgen. Zus\u00e4tzlich hat der Lastruper Verein B\u00fcrger f\u00fcr B\u00fcrger eine gro\u00dfe Summe f\u00fcr das Projekt gespendet. Gelohnt hat es sich. Das Karussell wird durchgehend mit gro\u00dfer Freude genutzt, auch am Nachmittag und an den Wochenenden.<\/p>\n","protected":false},"excerpt":{"rendered":"<p>Die Astrid Lindgren Schule Lastrup im Schuljahr 2024\/2025 Die Grundschule Lastrup ist eine drei- bis vierz\u00fcgige verl\u00e4ssliche, inklusive Grundschule mit offenem Ganztagsangebot. Seit dem Jahr 2011 tr\u00e4gt die Schule offiziell den Namen Astrid Lindgren Schule. Sie befindet sich in der Schultr\u00e4gerschaft der Gemeinde Lastrup. Im Schuljahr 2024\/2025 werden 283 Jungen und M\u00e4dchen in 14 Klassen &#8230; <a title=\"Schule\" class=\"read-more\" href=\"https:\/\/www.grundschule-lastrup.de\/?page_id=102\" aria-label=\"Mehr Informationen \u00fcber Schule\">Weiterlesen<\/a><\/p>\n","protected":false},"author":4,"featured_media":0,"parent":0,"menu_order":0,"comment_status":"closed","ping_status":"open","template":"","meta":{"_mc_calendar":[],"footnotes":""},"class_list":["post-102","page","type-page","status-publish"],"_links":{"self":[{"href":"https:\/\/www.grundschule-lastrup.de\/index.php?rest_route=\/wp\/v2\/pages\/102","targetHints":{"allow":["GET"]}}],"collection":[{"href":"https:\/\/www.grundschule-lastrup.de\/index.php?rest_route=\/wp\/v2\/pages"}],"about":[{"href":"https:\/\/www.grundschule-lastrup.de\/index.php?rest_route=\/wp\/v2\/types\/page"}],"author":[{"embeddable":true,"href":"https:\/\/www.grundschule-lastrup.de\/index.php?rest_route=\/wp\/v2\/users\/4"}],"replies":[{"embeddable":true,"href":"https:\/\/www.grundschule-lastrup.de\/index.php?rest_route=%2Fwp%2Fv2%2Fcomments&post=102"}],"version-history":[{"count":4,"href":"https:\/\/www.grundschule-lastrup.de\/index.php?rest_route=\/wp\/v2\/pages\/102\/revisions"}],"predecessor-version":[{"id":3751,"href":"https:\/\/www.grundschule-lastrup.de\/index.php?rest_route=\/wp\/v2\/pages\/102\/revisions\/3751"}],"wp:attachment":[{"href":"https:\/\/www.grundschule-lastrup.de\/index.php?rest_route=%2Fwp%2Fv2%2Fmedia&parent=102"}],"curies":[{"name":"wp","href":"https:\/\/api.w.org\/{rel}","templated":true}]}}