{"id":105,"date":"2015-06-18T18:26:51","date_gmt":"2015-06-18T16:26:51","guid":{"rendered":"https:\/\/www.grundschule-lastrup.de\/?page_id=105"},"modified":"2025-05-26T15:41:44","modified_gmt":"2025-05-26T13:41:44","slug":"schulobst","status":"publish","type":"page","link":"https:\/\/www.grundschule-lastrup.de\/?page_id=105","title":{"rendered":"Schulobst"},"content":{"rendered":"<p>Eine\u00a0gesunde Ern\u00e4hrung unserer Sch\u00fcler ist uns sehr wichtig. Wir versuchen deshalb, zu einer ausgewogenen Ern\u00e4hrung unserer Sch\u00fcler beizutragen.<\/p>\n<p>An drei Tagen in der Woche (montags, mittwochs und freitags) bekommen wir f\u00fcr unsere Fr\u00fchst\u00fcckspausen frisches Obst und Gem\u00fcse von Niehaus in Ehren geliefert. Von helfenden Eltern wird dieses gewaschen und auf die Klassen verteilt.<\/p>\n<p>Die Sch\u00fcler freuen sich sehr \u00fcber das abwechslungsreiche Angebot an verschiedensten Obst- und Gem\u00fcsesorten.<\/p>\n","protected":false},"excerpt":{"rendered":"<p>Eine\u00a0gesunde Ern\u00e4hrung unserer Sch\u00fcler ist uns sehr wichtig. Wir versuchen deshalb, zu einer ausgewogenen Ern\u00e4hrung unserer Sch\u00fcler beizutragen. An drei Tagen in der Woche (montags, mittwochs und freitags) bekommen wir f\u00fcr unsere Fr\u00fchst\u00fcckspausen frisches Obst und Gem\u00fcse von Niehaus in Ehren geliefert. Von helfenden Eltern wird dieses gewaschen und auf die Klassen verteilt. Die Sch\u00fcler &#8230; <a title=\"Schulobst\" class=\"read-more\" href=\"https:\/\/www.grundschule-lastrup.de\/?page_id=105\" aria-label=\"Mehr Informationen \u00fcber Schulobst\">Weiterlesen<\/a><\/p>\n","protected":false},"author":4,"featured_media":0,"parent":3652,"menu_order":6,"comment_status":"closed","ping_status":"open","template":"","meta":{"_mc_calendar":[],"footnotes":""},"class_list":["post-105","page","type-page","status-publish"],"_links":{"self":[{"href":"https:\/\/www.grundschule-lastrup.de\/index.php?rest_route=\/wp\/v2\/pages\/105","targetHints":{"allow":["GET"]}}],"collection":[{"href":"https:\/\/www.grundschule-lastrup.de\/index.php?rest_route=\/wp\/v2\/pages"}],"about":[{"href":"https:\/\/www.grundschule-lastrup.de\/index.php?rest_route=\/wp\/v2\/types\/page"}],"author":[{"embeddable":true,"href":"https:\/\/www.grundschule-lastrup.de\/index.php?rest_route=\/wp\/v2\/users\/4"}],"replies":[{"embeddable":true,"href":"https:\/\/www.grundschule-lastrup.de\/index.php?rest_route=%2Fwp%2Fv2%2Fcomments&post=105"}],"version-history":[{"count":15,"href":"https:\/\/www.grundschule-lastrup.de\/index.php?rest_route=\/wp\/v2\/pages\/105\/revisions"}],"predecessor-version":[{"id":3536,"href":"https:\/\/www.grundschule-lastrup.de\/index.php?rest_route=\/wp\/v2\/pages\/105\/revisions\/3536"}],"up":[{"embeddable":true,"href":"https:\/\/www.grundschule-lastrup.de\/index.php?rest_route=\/wp\/v2\/pages\/3652"}],"wp:attachment":[{"href":"https:\/\/www.grundschule-lastrup.de\/index.php?rest_route=%2Fwp%2Fv2%2Fmedia&parent=105"}],"curies":[{"name":"wp","href":"https:\/\/api.w.org\/{rel}","templated":true}]}}