{"id":1275,"date":"2017-02-27T18:52:06","date_gmt":"2017-02-27T17:52:06","guid":{"rendered":"https:\/\/www.grundschule-lastrup.de\/?page_id=1275"},"modified":"2025-05-26T15:41:44","modified_gmt":"2025-05-26T13:41:44","slug":"mensa-system","status":"publish","type":"page","link":"https:\/\/www.grundschule-lastrup.de\/?page_id=1275","title":{"rendered":"Mensa-System"},"content":{"rendered":"<p style=\"text-align: justify;\">Jeder Ganztag-Sch\u00fcler bekommt seine eigenen Zugangsdaten f\u00fcr das Lastrup-Mensa-System. Mit ihnen kann\u00a0man im Internet den Essenswunsch bestellen und dann in der Mensa\u00a0das Essen abholen. Damit nichts schlief l\u00e4uft, hier noch einmal eine genaue Erkl\u00e4rung, wie alles funktioniert:<\/p>\n<p style=\"text-align: justify;\">Melde dich mit deiner Ausweis-Nummer und der PIN unter <span style=\"text-decoration: underline;\">http:\/\/lastrup.sams-on.de<\/span> an und \u00e4ndere am besten direkt deine PIN unter dem Men\u00fcpunkt &#8222;Mein Ausweis&#8220;. Dann ist sichergestellt, dass nur du deine PIN kennst. Damit du im Internet Essen bestellen kannst, musst du nat\u00fcrlich zun\u00e4chst Geld auf deinem Mensa-Konto haben. Daf\u00fcr muss der Geldbetrag, der auf dein Mensakonto flie\u00dfen soll, auf folgendes Konto \u00fcberwiesen werden:<\/p>\n<p style=\"text-align: justify;\">Volksbank L\u00f6ningen IBAN: DE37 2806 7257 0041 2597 00<\/p>\n<p style=\"text-align: justify;\">\u00a0\u00a0\u00a0\u00a0\u00a0\u00a0\u00a0\u00a0\u00a0\u00a0\u00a0\u00a0\u00a0\u00a0\u00a0\u00a0\u00a0\u00a0\u00a0\u00a0\u00a0\u00a0\u00a0\u00a0\u00a0\u00a0\u00a0\u00a0\u00a0\u00a0\u00a0\u00a0\u00a0\u00a0\u00a0\u00a0\u00a0\u00a0 BIC: GENODEF1LAP<\/p>\n<p style=\"text-align: justify;\">Bitte gib bei der Einzahlung per \u00dcberweisung als Verwendungszweck unbedingt deine Ausweisnummer oder deinen vollst\u00e4ndigen Namen an, damit diese dir zugeordnet werden kann. Lade am besten gleich etwas mehr Geld auf, damit es f\u00fcr mehrere Essen bzw. Wochen reicht. Sobald du Geld aufgeladen hast und dies auf deinem Mensakonto verbucht wurde, kannst du dein Essen bestellen.<\/p>\n<p style=\"text-align: justify;\">Melde dich dazu einfach mit deiner Ausweisnummer und der PIN an und w\u00e4hle unter dem Men\u00fcpunkt &#8222;Mein Essen&#8220; deine Essensbestellung f\u00fcr die n\u00e4chste Woche aus. Wenn du das unterste K\u00e4stchen ausgew\u00e4hlt l\u00e4sst (&#8222;Kein Essen&#8220;), hei\u00dft das, dass du an diesem Tag kein Essen m\u00f6chtest. Vergiss am Ende nicht, unter dem Plan auf &#8222;Bestellung aktualisieren&#8220; zu dr\u00fccken und dich abzumelden.<\/p>\n<p style=\"text-align: justify;\">Bestellen kannst du dein Mittagessen f\u00fcr die folgenden Wochen. Die Bestellung f\u00fcr die Folgewoche muss aber bis sp\u00e4testens Freitag 12 Uhr eingehen. Solltest du einmal krank oder anderweitig verhindert sein, kannst du das Essen desselben Tages auf der Internetseite bis 8:30 Uhr stornieren. Bitte mach von dieser kurzfristigen M\u00f6glichkeit aber nur wenn unbedingt n\u00f6tig Gebrauch.<\/p>\n<p style=\"text-align: justify;\">Sollte deine Familie Anspruch auf &#8222;Bildung und Teilhabe&#8220; haben, so k\u00f6nnt ihr euch den Antrag auf der Internetseite der Mensa Lastrup herunterladen. Nachdem die Gemeinde dem Antrag zugestimmt hat, werden die Kosten \u00fcbernommen.<\/p>\n<p style=\"text-align: justify;\">Bei der Essensausgabe musst du nur noch deine Mensa-Card mit dem Barcode unter den Scanner halten und du bekommst dann dein gew\u00fcnschtes Essen.<\/p>\n<p style=\"text-align: justify;\">Wenn dann alles geklappt hat, w\u00fcnschen wir dir einen guten Appetit!<\/p>\n","protected":false},"excerpt":{"rendered":"<p>Jeder Ganztag-Sch\u00fcler bekommt seine eigenen Zugangsdaten f\u00fcr das Lastrup-Mensa-System. Mit ihnen kann\u00a0man im Internet den Essenswunsch bestellen und dann in der Mensa\u00a0das Essen abholen. Damit nichts schlief l\u00e4uft, hier noch einmal eine genaue Erkl\u00e4rung, wie alles funktioniert: Melde dich mit deiner Ausweis-Nummer und der PIN unter http:\/\/lastrup.sams-on.de an und \u00e4ndere am besten direkt deine PIN &#8230; <a title=\"Mensa-System\" class=\"read-more\" href=\"https:\/\/www.grundschule-lastrup.de\/?page_id=1275\" aria-label=\"Mehr Informationen \u00fcber Mensa-System\">Weiterlesen<\/a><\/p>\n","protected":false},"author":2,"featured_media":0,"parent":1182,"menu_order":1,"comment_status":"closed","ping_status":"closed","template":"","meta":{"_mc_calendar":[],"footnotes":""},"class_list":["post-1275","page","type-page","status-publish"],"_links":{"self":[{"href":"https:\/\/www.grundschule-lastrup.de\/index.php?rest_route=\/wp\/v2\/pages\/1275","targetHints":{"allow":["GET"]}}],"collection":[{"href":"https:\/\/www.grundschule-lastrup.de\/index.php?rest_route=\/wp\/v2\/pages"}],"about":[{"href":"https:\/\/www.grundschule-lastrup.de\/index.php?rest_route=\/wp\/v2\/types\/page"}],"author":[{"embeddable":true,"href":"https:\/\/www.grundschule-lastrup.de\/index.php?rest_route=\/wp\/v2\/users\/2"}],"replies":[{"embeddable":true,"href":"https:\/\/www.grundschule-lastrup.de\/index.php?rest_route=%2Fwp%2Fv2%2Fcomments&post=1275"}],"version-history":[{"count":4,"href":"https:\/\/www.grundschule-lastrup.de\/index.php?rest_route=\/wp\/v2\/pages\/1275\/revisions"}],"predecessor-version":[{"id":3134,"href":"https:\/\/www.grundschule-lastrup.de\/index.php?rest_route=\/wp\/v2\/pages\/1275\/revisions\/3134"}],"up":[{"embeddable":true,"href":"https:\/\/www.grundschule-lastrup.de\/index.php?rest_route=\/wp\/v2\/pages\/1182"}],"wp:attachment":[{"href":"https:\/\/www.grundschule-lastrup.de\/index.php?rest_route=%2Fwp%2Fv2%2Fmedia&parent=1275"}],"curies":[{"name":"wp","href":"https:\/\/api.w.org\/{rel}","templated":true}]}}