{"id":1533,"date":"2017-09-25T16:02:10","date_gmt":"2017-09-25T14:02:10","guid":{"rendered":"https:\/\/www.grundschule-lastrup.de\/?page_id=1533"},"modified":"2025-05-26T15:41:43","modified_gmt":"2025-05-26T13:41:43","slug":"unser-neuer-schulhof","status":"publish","type":"page","link":"https:\/\/www.grundschule-lastrup.de\/?page_id=1533","title":{"rendered":"Schulhof"},"content":{"rendered":"<p>Unsere Sch\u00fclerinnen und Sch\u00fcler haben nun eine gro\u00dfe Auswahl an Spielger\u00e4ten, um sich in den Pausen auszupowern oder sich\u00a0in den Sitzecken \u00a0vom Unterricht auszuruhen. \ud83d\ude42<img decoding=\"async\" src=\"https:\/\/www.grundschule-lastrup.de\/wp-content\/uploads\/2024\/12\/PHOTO-2024-05-20-15-48-37-00D-e1733937316351.jpg\" \/><\/p>\n<p>&nbsp;<\/p>\n<p><img loading=\"lazy\" decoding=\"async\" class=\"alignleft\" src=\"https:\/\/www.grundschule-lastrup.de\/wp-content\/uploads\/2024\/12\/PHOTO-2024-05-20-15-48-37-00E-e1733937217511.jpg\" width=\"442\" height=\"249\" \/><\/p>\n","protected":false},"excerpt":{"rendered":"<p>Unsere Sch\u00fclerinnen und Sch\u00fcler haben nun eine gro\u00dfe Auswahl an Spielger\u00e4ten, um sich in den Pausen auszupowern oder sich\u00a0in den Sitzecken \u00a0vom Unterricht auszuruhen. \ud83d\ude42 &nbsp;<\/p>\n","protected":false},"author":2,"featured_media":0,"parent":102,"menu_order":4,"comment_status":"closed","ping_status":"closed","template":"","meta":{"_mc_calendar":[],"footnotes":""},"class_list":["post-1533","page","type-page","status-publish"],"_links":{"self":[{"href":"https:\/\/www.grundschule-lastrup.de\/index.php?rest_route=\/wp\/v2\/pages\/1533","targetHints":{"allow":["GET"]}}],"collection":[{"href":"https:\/\/www.grundschule-lastrup.de\/index.php?rest_route=\/wp\/v2\/pages"}],"about":[{"href":"https:\/\/www.grundschule-lastrup.de\/index.php?rest_route=\/wp\/v2\/types\/page"}],"author":[{"embeddable":true,"href":"https:\/\/www.grundschule-lastrup.de\/index.php?rest_route=\/wp\/v2\/users\/2"}],"replies":[{"embeddable":true,"href":"https:\/\/www.grundschule-lastrup.de\/index.php?rest_route=%2Fwp%2Fv2%2Fcomments&post=1533"}],"version-history":[{"count":8,"href":"https:\/\/www.grundschule-lastrup.de\/index.php?rest_route=\/wp\/v2\/pages\/1533\/revisions"}],"predecessor-version":[{"id":3755,"href":"https:\/\/www.grundschule-lastrup.de\/index.php?rest_route=\/wp\/v2\/pages\/1533\/revisions\/3755"}],"up":[{"embeddable":true,"href":"https:\/\/www.grundschule-lastrup.de\/index.php?rest_route=\/wp\/v2\/pages\/102"}],"wp:attachment":[{"href":"https:\/\/www.grundschule-lastrup.de\/index.php?rest_route=%2Fwp%2Fv2%2Fmedia&parent=1533"}],"curies":[{"name":"wp","href":"https:\/\/api.w.org\/{rel}","templated":true}]}}