{"id":26,"date":"2015-05-04T20:21:33","date_gmt":"2015-05-04T18:21:33","guid":{"rendered":"https:\/\/www.grundschule-lastrup.de\/?page_id=26"},"modified":"2025-05-20T16:47:54","modified_gmt":"2025-05-20T14:47:54","slug":"team","status":"publish","type":"page","link":"https:\/\/www.grundschule-lastrup.de\/?page_id=26","title":{"rendered":"Team"},"content":{"rendered":"<p style=\"text-align: justify;\">Wir sind das Team der Astrid Lindgren Schule Lastrup und m\u00f6chten uns auf den folgenden Unterseiten gern vorstellen. Vom Leitungsteam, \u00fcber das Lehrerkollegium, die p\u00e4dagogischen Mitarbeiterinnen bis hin zum Hausmeister; wir alle sind hier zu finden.<\/p>\n","protected":false},"excerpt":{"rendered":"<p>Wir sind das Team der Astrid Lindgren Schule Lastrup und m\u00f6chten uns auf den folgenden Unterseiten gern vorstellen. Vom Leitungsteam, \u00fcber das Lehrerkollegium, die p\u00e4dagogischen Mitarbeiterinnen bis hin zum Hausmeister; wir alle sind hier zu finden.<\/p>\n","protected":false},"author":2,"featured_media":0,"parent":102,"menu_order":0,"comment_status":"closed","ping_status":"open","template":"","meta":{"_mc_calendar":[],"footnotes":""},"class_list":["post-26","page","type-page","status-publish"],"_links":{"self":[{"href":"https:\/\/www.grundschule-lastrup.de\/index.php?rest_route=\/wp\/v2\/pages\/26","targetHints":{"allow":["GET"]}}],"collection":[{"href":"https:\/\/www.grundschule-lastrup.de\/index.php?rest_route=\/wp\/v2\/pages"}],"about":[{"href":"https:\/\/www.grundschule-lastrup.de\/index.php?rest_route=\/wp\/v2\/types\/page"}],"author":[{"embeddable":true,"href":"https:\/\/www.grundschule-lastrup.de\/index.php?rest_route=\/wp\/v2\/users\/2"}],"replies":[{"embeddable":true,"href":"https:\/\/www.grundschule-lastrup.de\/index.php?rest_route=%2Fwp%2Fv2%2Fcomments&post=26"}],"version-history":[{"count":1,"href":"https:\/\/www.grundschule-lastrup.de\/index.php?rest_route=\/wp\/v2\/pages\/26\/revisions"}],"predecessor-version":[{"id":27,"href":"https:\/\/www.grundschule-lastrup.de\/index.php?rest_route=\/wp\/v2\/pages\/26\/revisions\/27"}],"up":[{"embeddable":true,"href":"https:\/\/www.grundschule-lastrup.de\/index.php?rest_route=\/wp\/v2\/pages\/102"}],"wp:attachment":[{"href":"https:\/\/www.grundschule-lastrup.de\/index.php?rest_route=%2Fwp%2Fv2%2Fmedia&parent=26"}],"curies":[{"name":"wp","href":"https:\/\/api.w.org\/{rel}","templated":true}]}}