{"id":28,"date":"2015-05-04T20:21:57","date_gmt":"2015-05-04T18:21:57","guid":{"rendered":"https:\/\/www.grundschule-lastrup.de\/?page_id=28"},"modified":"2025-05-20T16:47:54","modified_gmt":"2025-05-20T14:47:54","slug":"leitungsteam","status":"publish","type":"page","link":"https:\/\/www.grundschule-lastrup.de\/?page_id=28","title":{"rendered":"Schulleitung"},"content":{"rendered":"<table style=\"width: 100%;\">\n<tbody>\n<tr>\n<td style=\"width: 33.0952%;\"><img loading=\"lazy\" decoding=\"async\" class=\"aligncenter wp-image-774 size-medium\" src=\"https:\/\/www.grundschule-lastrup.de\/wp-content\/uploads\/2015\/05\/kolleg-6435-200x300.jpg\" alt=\"kolleg-6435\" width=\"200\" height=\"300\" srcset=\"https:\/\/www.grundschule-lastrup.de\/wp-content\/uploads\/2015\/05\/kolleg-6435-200x300.jpg 200w, https:\/\/www.grundschule-lastrup.de\/wp-content\/uploads\/2015\/05\/kolleg-6435-400x600.jpg 400w\" sizes=\"auto, (max-width: 200px) 100vw, 200px\" \/><\/td>\n<td style=\"width: 36.5477%;\"><img loading=\"lazy\" decoding=\"async\" class=\"aligncenter wp-image-785 size-medium\" src=\"https:\/\/www.grundschule-lastrup.de\/wp-content\/uploads\/2015\/05\/kolleg-6473-200x300.jpg\" alt=\"kolleg-6473\" width=\"200\" height=\"300\" srcset=\"https:\/\/www.grundschule-lastrup.de\/wp-content\/uploads\/2015\/05\/kolleg-6473-200x300.jpg 200w, https:\/\/www.grundschule-lastrup.de\/wp-content\/uploads\/2015\/05\/kolleg-6473-400x600.jpg 400w\" sizes=\"auto, (max-width: 200px) 100vw, 200px\" \/><\/td>\n<td style=\"width: 29.6428%;\"><img loading=\"lazy\" decoding=\"async\" class=\"wp-image-3153 size-medium aligncenter\" src=\"https:\/\/www.grundschule-lastrup.de\/wp-content\/uploads\/2021\/12\/20211202_171204-181x300.jpg\" alt=\"\" width=\"181\" height=\"300\" srcset=\"https:\/\/www.grundschule-lastrup.de\/wp-content\/uploads\/2021\/12\/20211202_171204-181x300.jpg 181w, https:\/\/www.grundschule-lastrup.de\/wp-content\/uploads\/2021\/12\/20211202_171204-361x600.jpg 361w, https:\/\/www.grundschule-lastrup.de\/wp-content\/uploads\/2021\/12\/20211202_171204.jpg 715w\" sizes=\"auto, (max-width: 181px) 100vw, 181px\" \/><\/td>\n<\/tr>\n<\/tbody>\n<\/table>\n<p>Frau Herzog (stellv. Schulleiterin)<\/p>\n<p>Herr Niehaus (Schulleiter)<\/p>\n<p>Frau Stammermann (Sekret\u00e4rin)<\/p>\n<p>Frau Stammermann arbeitet jeden Vormittag in unserer Schule. An den Tagen ist das B\u00fcro an folgenden Sprechzeiten ge\u00f6ffnet: 7:45 Uhr &#8211; 12.00 Uhr. Sollten Sie au\u00dferhalb dieser Sprechzeiten Fragen haben, dann sprechen Sie bitte auf den Anrufbeantworter.<\/p>\n","protected":false},"excerpt":{"rendered":"<p>Frau Herzog (stellv. Schulleiterin) Herr Niehaus (Schulleiter) Frau Stammermann (Sekret\u00e4rin) Frau Stammermann arbeitet jeden Vormittag in unserer Schule. An den Tagen ist das B\u00fcro an folgenden Sprechzeiten ge\u00f6ffnet: 7:45 Uhr &#8211; 12.00 Uhr. Sollten Sie au\u00dferhalb dieser Sprechzeiten Fragen haben, dann sprechen Sie bitte auf den Anrufbeantworter.<\/p>\n","protected":false},"author":2,"featured_media":0,"parent":102,"menu_order":0,"comment_status":"closed","ping_status":"open","template":"","meta":{"_mc_calendar":[],"footnotes":""},"class_list":["post-28","page","type-page","status-publish"],"_links":{"self":[{"href":"https:\/\/www.grundschule-lastrup.de\/index.php?rest_route=\/wp\/v2\/pages\/28","targetHints":{"allow":["GET"]}}],"collection":[{"href":"https:\/\/www.grundschule-lastrup.de\/index.php?rest_route=\/wp\/v2\/pages"}],"about":[{"href":"https:\/\/www.grundschule-lastrup.de\/index.php?rest_route=\/wp\/v2\/types\/page"}],"author":[{"embeddable":true,"href":"https:\/\/www.grundschule-lastrup.de\/index.php?rest_route=\/wp\/v2\/users\/2"}],"replies":[{"embeddable":true,"href":"https:\/\/www.grundschule-lastrup.de\/index.php?rest_route=%2Fwp%2Fv2%2Fcomments&post=28"}],"version-history":[{"count":16,"href":"https:\/\/www.grundschule-lastrup.de\/index.php?rest_route=\/wp\/v2\/pages\/28\/revisions"}],"predecessor-version":[{"id":3753,"href":"https:\/\/www.grundschule-lastrup.de\/index.php?rest_route=\/wp\/v2\/pages\/28\/revisions\/3753"}],"up":[{"embeddable":true,"href":"https:\/\/www.grundschule-lastrup.de\/index.php?rest_route=\/wp\/v2\/pages\/102"}],"wp:attachment":[{"href":"https:\/\/www.grundschule-lastrup.de\/index.php?rest_route=%2Fwp%2Fv2%2Fmedia&parent=28"}],"curies":[{"name":"wp","href":"https:\/\/api.w.org\/{rel}","templated":true}]}}