{"id":37,"date":"2015-05-04T20:45:21","date_gmt":"2015-05-04T18:45:21","guid":{"rendered":"https:\/\/www.grundschule-lastrup.de\/?page_id=37"},"modified":"2025-11-28T10:35:28","modified_gmt":"2025-11-28T09:35:28","slug":"unser-kollegium","status":"publish","type":"page","link":"https:\/\/www.grundschule-lastrup.de\/?page_id=37","title":{"rendered":"Kollegium"},"content":{"rendered":"<p><img loading=\"lazy\" decoding=\"async\" class=\"aligncenter\" src=\"https:\/\/www.grundschule-lastrup.de\/wp-content\/uploads\/2025\/05\/Lehrer-Grp2024-Foto-Kowalski-Cappeln_01.jpg\" width=\"836\" height=\"557\" \/><\/p>\n<p style=\"text-align: center;\">Derzeit geh\u00f6ren zum Kollegium der Astrid Lindgren Schule Lastrup (Stand 11.2025):<\/p>\n<ul>\n<li>22 Lehrkr\u00e4fte<\/li>\n<li>2 F\u00f6rderschullehrkr\u00e4fte<\/li>\n<li>1 LiV (Lehrkraft im Vorbereitungsdienst)<\/li>\n<li>11 p\u00e4dagogische Mitarbeiterinnen<\/li>\n<li>1 Sekret\u00e4rin<\/li>\n<li>2 SchulsozialarbeiterInnen<\/li>\n<li>1 Hausmeister<\/li>\n<li>9 Schulbegleitungen<\/li>\n<li>1 Bundesfreiwilligendienstlerin<\/li>\n<\/ul>\n<p style=\"text-align: center;\">\n","protected":false},"excerpt":{"rendered":"<p>Derzeit geh\u00f6ren zum Kollegium der Astrid Lindgren Schule Lastrup (Stand 11.2025): 22 Lehrkr\u00e4fte 2 F\u00f6rderschullehrkr\u00e4fte 1 LiV (Lehrkraft im Vorbereitungsdienst) 11 p\u00e4dagogische Mitarbeiterinnen 1 Sekret\u00e4rin 2 SchulsozialarbeiterInnen 1 Hausmeister 9 Schulbegleitungen 1 Bundesfreiwilligendienstlerin<\/p>\n","protected":false},"author":2,"featured_media":0,"parent":102,"menu_order":2,"comment_status":"closed","ping_status":"open","template":"","meta":{"_mc_calendar":[],"footnotes":""},"class_list":["post-37","page","type-page","status-publish"],"_links":{"self":[{"href":"https:\/\/www.grundschule-lastrup.de\/index.php?rest_route=\/wp\/v2\/pages\/37","targetHints":{"allow":["GET"]}}],"collection":[{"href":"https:\/\/www.grundschule-lastrup.de\/index.php?rest_route=\/wp\/v2\/pages"}],"about":[{"href":"https:\/\/www.grundschule-lastrup.de\/index.php?rest_route=\/wp\/v2\/types\/page"}],"author":[{"embeddable":true,"href":"https:\/\/www.grundschule-lastrup.de\/index.php?rest_route=\/wp\/v2\/users\/2"}],"replies":[{"embeddable":true,"href":"https:\/\/www.grundschule-lastrup.de\/index.php?rest_route=%2Fwp%2Fv2%2Fcomments&post=37"}],"version-history":[{"count":53,"href":"https:\/\/www.grundschule-lastrup.de\/index.php?rest_route=\/wp\/v2\/pages\/37\/revisions"}],"predecessor-version":[{"id":3820,"href":"https:\/\/www.grundschule-lastrup.de\/index.php?rest_route=\/wp\/v2\/pages\/37\/revisions\/3820"}],"up":[{"embeddable":true,"href":"https:\/\/www.grundschule-lastrup.de\/index.php?rest_route=\/wp\/v2\/pages\/102"}],"wp:attachment":[{"href":"https:\/\/www.grundschule-lastrup.de\/index.php?rest_route=%2Fwp%2Fv2%2Fmedia&parent=37"}],"curies":[{"name":"wp","href":"https:\/\/api.w.org\/{rel}","templated":true}]}}