{"id":3721,"date":"2025-03-04T21:09:32","date_gmt":"2025-03-04T20:09:32","guid":{"rendered":"https:\/\/www.grundschule-lastrup.de\/?page_id=3721"},"modified":"2025-11-28T10:38:32","modified_gmt":"2025-11-28T09:38:32","slug":"schulsozialarbeit","status":"publish","type":"page","link":"https:\/\/www.grundschule-lastrup.de\/?page_id=3721","title":{"rendered":"Schulsozialarbeit"},"content":{"rendered":"<table style=\"border-collapse: collapse; width: 100%;\">\n<tbody>\n<tr>\n<td style=\"width: 50%;\">Schulsozialarbeiter<\/td>\n<td style=\"width: 50%;\">Schulsozialarbeiterin<\/td>\n<\/tr>\n<tr>\n<td style=\"width: 50%;\">Daniel Obuch<\/td>\n<td style=\"width: 50%;\">Tomke Bullermann<\/td>\n<\/tr>\n<tr>\n<td style=\"width: 50%;\">d.obuch@als-lastrup.de<\/td>\n<td style=\"width: 50%;\">t.bullermann@als-lastrup.de<\/td>\n<\/tr>\n<tr>\n<td style=\"width: 50%;\">Mittwochs 8.00 &#8211; 13.00 Uhr<\/td>\n<td style=\"width: 50%;\">Dienstags 8.30 &#8211; 13.00 Uhr<\/td>\n<\/tr>\n<\/tbody>\n<\/table>\n<p>&nbsp;<\/p>\n<p>&nbsp;<\/p>\n<p>Unsere Schulsozialarbeiter Daniel Obuch und Tomke Bullermann sind Ansprechpartner f\u00fcr die Sch\u00fcler\/innen, Eltern und Lehrer\/innen und beraten bei Problemen im Zusammenhang mit schulischen Leistungen, Konflikten innerhalb der Klasse oder schwierigen, famili\u00e4ren Situationen. Die Schulsozialarbeit arbeitet wertsch\u00e4tzend, vertraulich und l\u00f6sungsorientiert und bildet eine Verbindung zwischen Sch\u00fcler\/innen, Elternhaus und Schule.\u200b<\/p>\n<p>&nbsp;<\/p>\n<p>&nbsp;<\/p>\n<p>&nbsp;<\/p>\n","protected":false},"excerpt":{"rendered":"<p>Schulsozialarbeiter Schulsozialarbeiterin Daniel Obuch Tomke Bullermann d.obuch@als-lastrup.de t.bullermann@als-lastrup.de Mittwochs 8.00 &#8211; 13.00 Uhr Dienstags 8.30 &#8211; 13.00 Uhr &nbsp; &nbsp; Unsere Schulsozialarbeiter Daniel Obuch und Tomke Bullermann sind Ansprechpartner f\u00fcr die Sch\u00fcler\/innen, Eltern und Lehrer\/innen und beraten bei Problemen im Zusammenhang mit schulischen Leistungen, Konflikten innerhalb der Klasse oder schwierigen, famili\u00e4ren Situationen. Die Schulsozialarbeit arbeitet &#8230; <a title=\"Schulsozialarbeit\" class=\"read-more\" href=\"https:\/\/www.grundschule-lastrup.de\/?page_id=3721\" aria-label=\"Mehr Informationen \u00fcber Schulsozialarbeit\">Weiterlesen<\/a><\/p>\n","protected":false},"author":2,"featured_media":0,"parent":102,"menu_order":5,"comment_status":"closed","ping_status":"closed","template":"","meta":{"_mc_calendar":[],"footnotes":""},"class_list":["post-3721","page","type-page","status-publish"],"_links":{"self":[{"href":"https:\/\/www.grundschule-lastrup.de\/index.php?rest_route=\/wp\/v2\/pages\/3721","targetHints":{"allow":["GET"]}}],"collection":[{"href":"https:\/\/www.grundschule-lastrup.de\/index.php?rest_route=\/wp\/v2\/pages"}],"about":[{"href":"https:\/\/www.grundschule-lastrup.de\/index.php?rest_route=\/wp\/v2\/types\/page"}],"author":[{"embeddable":true,"href":"https:\/\/www.grundschule-lastrup.de\/index.php?rest_route=\/wp\/v2\/users\/2"}],"replies":[{"embeddable":true,"href":"https:\/\/www.grundschule-lastrup.de\/index.php?rest_route=%2Fwp%2Fv2%2Fcomments&post=3721"}],"version-history":[{"count":6,"href":"https:\/\/www.grundschule-lastrup.de\/index.php?rest_route=\/wp\/v2\/pages\/3721\/revisions"}],"predecessor-version":[{"id":3822,"href":"https:\/\/www.grundschule-lastrup.de\/index.php?rest_route=\/wp\/v2\/pages\/3721\/revisions\/3822"}],"up":[{"embeddable":true,"href":"https:\/\/www.grundschule-lastrup.de\/index.php?rest_route=\/wp\/v2\/pages\/102"}],"wp:attachment":[{"href":"https:\/\/www.grundschule-lastrup.de\/index.php?rest_route=%2Fwp%2Fv2%2Fmedia&parent=3721"}],"curies":[{"name":"wp","href":"https:\/\/api.w.org\/{rel}","templated":true}]}}