{"id":388,"date":"2015-12-12T13:58:37","date_gmt":"2015-12-12T12:58:37","guid":{"rendered":"https:\/\/www.grundschule-lastrup.de\/?page_id=388"},"modified":"2025-05-20T16:50:15","modified_gmt":"2025-05-20T14:50:15","slug":"impressum","status":"publish","type":"page","link":"https:\/\/www.grundschule-lastrup.de\/?page_id=388","title":{"rendered":"Impressum"},"content":{"rendered":"<p><b>Astrid-Lindgren-Schule<br \/>\nVerl\u00e4ssliche Grundschule Lastrup<\/b><br \/>\nSt.-Elisabeth-Str. 3<br \/>\nD &#8211; 49688 Lastrup<\/p>\n<p>Tel.: 04472 \/ 6 87 88 30<br \/>\nFax: 04472 \/ 6 87 88 40<br \/>\nE-Mail: <a href=\"mailto:verwaltung@als-lastrup.de\">verwaltung@als-lastrup.de<\/a><\/p>\n<p>Schulleiter und inhaltlich Verantwortlicher gem\u00e4\u00df \u00a7 6 MDStV:<br \/>\nHerr Niehaus<\/p>\n<p>Kontaktdaten des Datenschutzbeauftragten:<br \/>\nHerr Brak &#8211; datenschutz@als-lastrup.de<\/p>\n<p>Serverstandort:<br \/>\nBundesrepublik Deutschland \/ Germany<\/p>\n<p>Angeschlossene offizielle Domains:<br \/>\n<a href=\"http:\/\/www.grundschule-lastrup.de\/\/\">www.grundschule-lastrup.de<\/a><br \/>\n<a href=\"http:\/\/www.gs-lastrup.de\/\">www.gs-lastrup.de<\/a><\/p>\n<p>Schultr\u00e4ger:<br \/>\nGemeinde Lastrup<br \/>\nvertreten durch den B\u00fcrgermeister Michael Kramer<br \/>\nRathaus &#8211; Am Marktplatz 1<br \/>\n49688 Lastrup<\/p>\n<p>Urheberrecht\/Copyright:<br \/>\nDas Layout der Homepage, die verwendeten Bilder und Grafiken sowie die einzelnen Beitr\u00e4ge sind urheberrechtlich gesch\u00fctzt. Alle Rechte, auch die der fotomechanischen Wiedergabe, der Vervielf\u00e4ltigung und der Verbreitung mittels besonderer Verfahren, auch teilweise, beh\u00e4lt sich der Betreiber der Website so wie die Agenturen, die diesen Internetauftritt realisiert haben, vor.<\/p>\n<p>Haftungshinweis:<br \/>\nTrotz sorgf\u00e4ltiger Kontrolle \u00fcbernehmen wir keine Haftung f\u00fcr die Inhalte externer Links. F\u00fcr den Inhalt der verlinkten Seiten sind ausschlie\u00dflich deren Betreiber verantwortlich.<br \/>\nBeachten Sie bitte auch unseren Haftungsausschluss, auch in Bezug auf Datenschutzhinweise.<br \/>\nAlle Angaben auf unseren Internetseiten (z. B. Termine, Fristen usw.) sind ohne Gew\u00e4hr und k\u00f6nnen Irrt\u00fcmern und Fehlern unterliegen.<\/p>\n","protected":false},"excerpt":{"rendered":"<p>Astrid-Lindgren-Schule Verl\u00e4ssliche Grundschule Lastrup St.-Elisabeth-Str. 3 D &#8211; 49688 Lastrup Tel.: 04472 \/ 6 87 88 30 Fax: 04472 \/ 6 87 88 40 E-Mail: verwaltung@als-lastrup.de Schulleiter und inhaltlich Verantwortlicher gem\u00e4\u00df \u00a7 6 MDStV: Herr Niehaus Kontaktdaten des Datenschutzbeauftragten: Herr Brak &#8211; datenschutz@als-lastrup.de Serverstandort: Bundesrepublik Deutschland \/ Germany Angeschlossene offizielle Domains: www.grundschule-lastrup.de www.gs-lastrup.de Schultr\u00e4ger: Gemeinde &#8230; <a title=\"Impressum\" class=\"read-more\" href=\"https:\/\/www.grundschule-lastrup.de\/?page_id=388\" aria-label=\"Mehr Informationen \u00fcber Impressum\">Weiterlesen<\/a><\/p>\n","protected":false},"author":5,"featured_media":0,"parent":0,"menu_order":0,"comment_status":"closed","ping_status":"closed","template":"","meta":{"_mc_calendar":[],"footnotes":""},"class_list":["post-388","page","type-page","status-publish"],"_links":{"self":[{"href":"https:\/\/www.grundschule-lastrup.de\/index.php?rest_route=\/wp\/v2\/pages\/388","targetHints":{"allow":["GET"]}}],"collection":[{"href":"https:\/\/www.grundschule-lastrup.de\/index.php?rest_route=\/wp\/v2\/pages"}],"about":[{"href":"https:\/\/www.grundschule-lastrup.de\/index.php?rest_route=\/wp\/v2\/types\/page"}],"author":[{"embeddable":true,"href":"https:\/\/www.grundschule-lastrup.de\/index.php?rest_route=\/wp\/v2\/users\/5"}],"replies":[{"embeddable":true,"href":"https:\/\/www.grundschule-lastrup.de\/index.php?rest_route=%2Fwp%2Fv2%2Fcomments&post=388"}],"version-history":[{"count":9,"href":"https:\/\/www.grundschule-lastrup.de\/index.php?rest_route=\/wp\/v2\/pages\/388\/revisions"}],"predecessor-version":[{"id":3803,"href":"https:\/\/www.grundschule-lastrup.de\/index.php?rest_route=\/wp\/v2\/pages\/388\/revisions\/3803"}],"wp:attachment":[{"href":"https:\/\/www.grundschule-lastrup.de\/index.php?rest_route=%2Fwp%2Fv2%2Fmedia&parent=388"}],"curies":[{"name":"wp","href":"https:\/\/api.w.org\/{rel}","templated":true}]}}