{"id":395,"date":"2015-12-12T14:06:58","date_gmt":"2015-12-12T13:06:58","guid":{"rendered":"https:\/\/www.grundschule-lastrup.de\/?page_id=395"},"modified":"2025-05-20T16:47:53","modified_gmt":"2025-05-20T14:47:53","slug":"datenschutz","status":"publish","type":"page","link":"https:\/\/www.grundschule-lastrup.de\/?page_id=395","title":{"rendered":"Datenschutz"},"content":{"rendered":"<p>.<\/p>\n<h4 style=\"text-align: center;\"><strong>Bereitstellung von Websites und Erstellung von Logfiles<\/strong><\/h4>\n<p>.<\/p>\n<p>Bei jedem Aufruf unserer Internetseite erfasst unser System automatisiert Daten und Informationen vom Computersystem des aufrufenden Rechners. Folgende Daten werden hierbei erhoben:<\/p>\n<ol>\n<li>Datum und Uhrzeit des Zugriffs<\/li>\n<li>Die IP-Adresse des Nutzers<\/li>\n<li>Die Betriebssystemversion des Nutzers<\/li>\n<li>Der Browsertyp des Nutzers<\/li>\n<li>Die vom Nutzer aufgerufene Seite<\/li>\n<\/ol>\n<p>.<\/p>\n<p style=\"text-align: justify;\">Die Daten werden in den Logfiles unseres Systems gespeichert. Eine Speicherung dieser Daten zusammen mit anderen personenbezogenen Daten des Nutzers finden nicht statt. Zweck der Datenspeicherung ist die technische Optimierung unserer Internetseite. Rechtsgrundlage f\u00fcr die vor\u00fcbergehende Speicherung der Daten ist Art. 6 Abs. 1 lit.f DSGVO. Die Daten werden f\u00fcr zwei Monate gespeichert, sie werde lediglich statistisch ausgewertet.<\/p>\n<p>.<\/p>\n<h4 style=\"text-align: center;\"><strong>Datenschutz<\/strong><\/h4>\n<p>.<\/p>\n<p style=\"text-align: justify;\">Soweit auf unseren Seiten personenbezogene Daten (beispielsweise Name, Anschrift oder EMail-Adressen) erhoben werden, erfolgt dies soweit m\u00f6glich stets auf freiwilliger Basis. Die Nutzung der Angebote und Dienste ist, soweit m\u00f6glich, stets ohne Angabe personenbezogener Daten m\u00f6glich.<\/p>\n<p style=\"text-align: justify;\">Wir weisen darauf hin, dass die Daten\u00fcbertragung im Internet (z.B. bei der Kommunikation per E-Mail) Sicherheitsl\u00fccken aufweisen kann. Ein l\u00fcckenloser Schutz der Daten vor dem Zugriff durch Dritte ist nicht m\u00f6glich.<\/p>\n<p style=\"text-align: justify;\">So genannte \u201eCookies&#8220; k\u00f6nnen an einigen Stellen der Internetseite verwendet werden. Dadurch kann vereinzelt ein besserer Informationsservice geleistet bzw. ein schnellerer Zugriff erm\u00f6glicht werden. Cookies werden von einem Server an Ihren Computer gesendet, um ihn f\u00fcr den Zeitraum Ihres Besuchs zu identifizieren.<br \/>\nWarum Cookies \u00fcberhaupt eingesetzt werden? Auf diese Weise k\u00f6nnen wir erfahren, welche Teile unserer Internetseiten besonders beliebt sind und wie sich s\u00e4mtliche Besucher auf den Seiten bewegen. Durch die Auswertung der Statistiken k\u00f6nnen wir so unsere Internetseiten laufend f\u00fcr Sie verbessern. Der einzelne Nutzer bleibt hierbei anonym! \u00dcber die Einstellung Ihres Browsers k\u00f6nnen Sie selber bestimmen, ob Cookies erlaubt sind oder blockiert werden sollen. Auch das L\u00f6schen von Cookies auf Ihrer Festplatte ist dar\u00fcber m\u00f6glich. Browser lassen sich in der Regel auch so einstellen, dass sie bei einem Cookie entsprechend informieren.<\/p>\n<p style=\"text-align: justify;\">Der Nutzung von im Rahmen der Impressumspflicht ver\u00f6ffentlichten Kontaktdaten durch Dritte zur \u00dcbersendung von nicht ausdr\u00fccklich angeforderter Werbung und Informationsmaterialien wird hiermit ausdr\u00fccklich widersprochen. Die Betreiber der Seiten behalten sich ausdr\u00fccklich rechtliche Schritte im Falle der unverlangten Zusendung von Werbeinformationen, etwa durch Spam-Mails, vor.<\/p>\n<p>Quelle: Vgl. eRecht24.de &#8211;\u00a0<a href=\"http:\/\/www.e-recht24.de\/\" target=\"_blank\" rel=\"noopener noreferrer\">Rechtsberatung von Anwalt<\/a>\u00a0S\u00f6ren Siebert<\/p>\n","protected":false},"excerpt":{"rendered":"<p>. Bereitstellung von Websites und Erstellung von Logfiles . Bei jedem Aufruf unserer Internetseite erfasst unser System automatisiert Daten und Informationen vom Computersystem des aufrufenden Rechners. Folgende Daten werden hierbei erhoben: Datum und Uhrzeit des Zugriffs Die IP-Adresse des Nutzers Die Betriebssystemversion des Nutzers Der Browsertyp des Nutzers Die vom Nutzer aufgerufene Seite . Die &#8230; <a title=\"Datenschutz\" class=\"read-more\" href=\"https:\/\/www.grundschule-lastrup.de\/?page_id=395\" aria-label=\"Mehr Informationen \u00fcber Datenschutz\">Weiterlesen<\/a><\/p>\n","protected":false},"author":5,"featured_media":0,"parent":0,"menu_order":0,"comment_status":"closed","ping_status":"closed","template":"","meta":{"_mc_calendar":[],"footnotes":""},"class_list":["post-395","page","type-page","status-publish"],"_links":{"self":[{"href":"https:\/\/www.grundschule-lastrup.de\/index.php?rest_route=\/wp\/v2\/pages\/395","targetHints":{"allow":["GET"]}}],"collection":[{"href":"https:\/\/www.grundschule-lastrup.de\/index.php?rest_route=\/wp\/v2\/pages"}],"about":[{"href":"https:\/\/www.grundschule-lastrup.de\/index.php?rest_route=\/wp\/v2\/types\/page"}],"author":[{"embeddable":true,"href":"https:\/\/www.grundschule-lastrup.de\/index.php?rest_route=\/wp\/v2\/users\/5"}],"replies":[{"embeddable":true,"href":"https:\/\/www.grundschule-lastrup.de\/index.php?rest_route=%2Fwp%2Fv2%2Fcomments&post=395"}],"version-history":[{"count":7,"href":"https:\/\/www.grundschule-lastrup.de\/index.php?rest_route=\/wp\/v2\/pages\/395\/revisions"}],"predecessor-version":[{"id":3035,"href":"https:\/\/www.grundschule-lastrup.de\/index.php?rest_route=\/wp\/v2\/pages\/395\/revisions\/3035"}],"wp:attachment":[{"href":"https:\/\/www.grundschule-lastrup.de\/index.php?rest_route=%2Fwp%2Fv2%2Fmedia&parent=395"}],"curies":[{"name":"wp","href":"https:\/\/api.w.org\/{rel}","templated":true}]}}