{"id":41,"date":"2015-05-04T20:48:35","date_gmt":"2015-05-04T18:48:35","guid":{"rendered":"https:\/\/www.grundschule-lastrup.de\/?page_id=41"},"modified":"2025-05-20T16:47:54","modified_gmt":"2025-05-20T14:47:54","slug":"unser-hausmeister","status":"publish","type":"page","link":"https:\/\/www.grundschule-lastrup.de\/?page_id=41","title":{"rendered":"Hausmeister"},"content":{"rendered":"<p style=\"text-align: center;\">Unser Hausmeister Herr B\u00f6ckmann unterst\u00fctzt uns tagt\u00e4glich mit seiner tatkr\u00e4ftigen Hilfe.<\/p>\n<p><img loading=\"lazy\" decoding=\"async\" class=\"aligncenter\" src=\"https:\/\/www.grundschule-lastrup.de\/wp-content\/uploads\/2025\/05\/WhatsApp-Image-2025-05-12-at-15.32.37-e1747056915252.jpeg\" width=\"371\" height=\"462\" \/><\/p>\n","protected":false},"excerpt":{"rendered":"<p>Unser Hausmeister Herr B\u00f6ckmann unterst\u00fctzt uns tagt\u00e4glich mit seiner tatkr\u00e4ftigen Hilfe.<\/p>\n","protected":false},"author":2,"featured_media":0,"parent":102,"menu_order":3,"comment_status":"closed","ping_status":"open","template":"","meta":{"_mc_calendar":[],"footnotes":""},"class_list":["post-41","page","type-page","status-publish"],"_links":{"self":[{"href":"https:\/\/www.grundschule-lastrup.de\/index.php?rest_route=\/wp\/v2\/pages\/41","targetHints":{"allow":["GET"]}}],"collection":[{"href":"https:\/\/www.grundschule-lastrup.de\/index.php?rest_route=\/wp\/v2\/pages"}],"about":[{"href":"https:\/\/www.grundschule-lastrup.de\/index.php?rest_route=\/wp\/v2\/types\/page"}],"author":[{"embeddable":true,"href":"https:\/\/www.grundschule-lastrup.de\/index.php?rest_route=\/wp\/v2\/users\/2"}],"replies":[{"embeddable":true,"href":"https:\/\/www.grundschule-lastrup.de\/index.php?rest_route=%2Fwp%2Fv2%2Fcomments&post=41"}],"version-history":[{"count":12,"href":"https:\/\/www.grundschule-lastrup.de\/index.php?rest_route=\/wp\/v2\/pages\/41\/revisions"}],"predecessor-version":[{"id":3770,"href":"https:\/\/www.grundschule-lastrup.de\/index.php?rest_route=\/wp\/v2\/pages\/41\/revisions\/3770"}],"up":[{"embeddable":true,"href":"https:\/\/www.grundschule-lastrup.de\/index.php?rest_route=\/wp\/v2\/pages\/102"}],"wp:attachment":[{"href":"https:\/\/www.grundschule-lastrup.de\/index.php?rest_route=%2Fwp%2Fv2%2Fmedia&parent=41"}],"curies":[{"name":"wp","href":"https:\/\/api.w.org\/{rel}","templated":true}]}}