{"id":93,"date":"2015-06-18T18:04:00","date_gmt":"2015-06-18T16:04:00","guid":{"rendered":"https:\/\/www.grundschule-lastrup.de\/?page_id=93"},"modified":"2025-05-20T16:47:53","modified_gmt":"2025-05-20T14:47:53","slug":"organisatorisches","status":"publish","type":"page","link":"https:\/\/www.grundschule-lastrup.de\/?page_id=93","title":{"rendered":"Organisatorisches"},"content":{"rendered":"<p><strong style=\"text-decoration: underline; font-size: inherit;\">Krankmeldung<\/strong><\/p>\n<p style=\"text-align: justify;\">Bitte melden Sie ihr Kind bis sp\u00e4testens 7:55 Uhr im Sekretariat der Schule \u00a0ab, wenn es krankheitsbedingt den Unterricht nicht besuchen kann. Kann Ihr Kind die Schule wieder besuchen, so geben Sie ihm am Tag des erstmaligen Erscheinens ein Attest oder eine schriftliche Entschuldigung \u00a0f\u00fcr den Klassenlehrer \/ die Klassenlehrerin mit. Ab dem 3. Tag ist ein \u00e4rztliches Attest erforderlich. Einen Vordruck f\u00fcr eine schriftliche Entschuldigung finden Sie unter Downloads.<\/p>\n<p style=\"text-align: center;\"><a href=\"https:\/\/www.grundschule-lastrup.de\/wp-content\/uploads\/2021\/01\/Entschuldigungsschreiben.docx\">Entschuldigungsschreiben<\/a><\/p>\n<p><span style=\"text-decoration: underline;\"><strong>Unterrichtsbefreiung<\/strong><\/span><\/p>\n<p>Sollten Sie Ihr Kind aus triftigen Gr\u00fcnden f\u00fcr einige Stunden oder einen Tag vom Unterricht befreien wollen, so fragen Sie bitte vorher beim Klassenlehrer \/ bei der Klassenlehrerin nach. Eine Unterrichtsbefreiung vor oder nach den Ferien ist grunds\u00e4tzlich nicht m\u00f6glich. Wir bitten daf\u00fcr um Verst\u00e4ndnis.<\/p>\n<p>M\u00fcssen Sie Ihr Kind aus triftigen Gr\u00fcnden vom Ganztag abmelden, dann geben Sie Ihrem Kind sp\u00e4testens an dem jeweiligen Tag eine schriftliche Entschuldigung mit zur Schule.<\/p>\n<p style=\"text-align: justify;\"><span style=\"text-decoration: underline;\"><strong>Hausaufgaben<\/strong><\/span><\/p>\n<p style=\"text-align: justify;\">Hausaufgaben in der Grundschule sollen aus dem Unterricht erwachsen, \u00fcbenden Charakter haben und m\u00f6glichst selbstst\u00e4ndig von den Kindern angefertigt werden. <span style=\"text-decoration: underline;\">Je nach Leistungsverm\u00f6gen<\/span> k\u00f6nnen sich die Aufgaben auch innerhalb einer Klasse stark unterscheiden, insbesondere in der 4. Klasse. Als Richtwert f\u00fcr die Grundschule ist im Hausaufgabenerlass Niedersachsen <span style=\"text-decoration: underline;\">eine gute halbe Stunde konzentrierter Arbeit in ruhiger Umgeben<\/span> vorgesehen.<\/p>\n<p style=\"text-align: justify;\">Trotz Absprachen zwischen den Lehrkr\u00e4ften in den Hauptf\u00e4chern kann es vorkommen, dass die Hausaufgaben f\u00fcr Ihr Kind zu umfangreich sind. Wenn die Aufgaben einmal deutlich mehr Zeit in Anspruch nehmen sollten (mehr als 45 Min.), k\u00f6nnen Sie die Bearbeitung abbrechen. Bitte geben Sie dann den Lehrkr\u00e4ften einen Hinweis im Hausaufgabenheft. Sollte dies h\u00e4ufiger der Fall sein, sprechen Sie bitte mit der Klassenlehrkraft, z.B. auf dem Elternsprechtag.<\/p>\n<p><span style=\"text-decoration: underline;\"><strong>Sport- und Schwimmunterricht<\/strong> <\/span><\/p>\n<p>Aufgrund von Verletzungsgefahr darf im Sport- und Schwimmunterricht kein Schmuck getragen werden. Gesundheitsohrstecker k\u00f6nnen mit Tape oder Pflaster abgeklebt werden.<\/p>\n<p>F\u00fcr den Sportunterricht ben\u00f6tigen Kinder mit langen Haaren zus\u00e4tzlich ein Haarband, um einen Zopf binden zu k\u00f6nnen.<\/p>\n<div class=\"n\" style=\"text-align: justify;\"><span style=\"color: #ffffff;\">Bitte beachten Sie, dass im Sportunterricht <span style=\"text-decoration: underline;\">kein Schmuck<\/span> getragen werden darf. Die Kinder sollten an den Sport- und Schwimmtagen m\u00f6glichst schon <span style=\"text-decoration: underline;\">ohne Ohrringe, Armb\u00e4nder, Halsketten usw. zur Schule kommen<\/span>. Kinder mit l\u00e4ngeren Haaren <span style=\"text-decoration: underline;\">m\u00fcssen<\/span> Haarb\u00e4nder tragen.<\/span><\/div>\n<div class=\"n\" style=\"text-align: justify;\"><span style=\"color: #ffffff;\">In der kalten Jahreszeit ist es sehr wichtig, dass Ihre Kinder nach dem Schwimmunterricht eine M\u00fctze tragen. Kinder ohne M\u00fctze k\u00f6nnen leider nicht am Schwimmunterricht teilnehmen.<\/span><\/div>\n<div class=\"n\"><\/div>\n<div class=\"n\"><\/div>\n","protected":false},"excerpt":{"rendered":"<p>Krankmeldung Bitte melden Sie ihr Kind bis sp\u00e4testens 7:55 Uhr im Sekretariat der Schule \u00a0ab, wenn es krankheitsbedingt den Unterricht nicht besuchen kann. Kann Ihr Kind die Schule wieder besuchen, so geben Sie ihm am Tag des erstmaligen Erscheinens ein Attest oder eine schriftliche Entschuldigung \u00a0f\u00fcr den Klassenlehrer \/ die Klassenlehrerin mit. Ab dem 3. &#8230; <a title=\"Organisatorisches\" class=\"read-more\" href=\"https:\/\/www.grundschule-lastrup.de\/?page_id=93\" aria-label=\"Mehr Informationen \u00fcber Organisatorisches\">Weiterlesen<\/a><\/p>\n","protected":false},"author":4,"featured_media":0,"parent":69,"menu_order":1,"comment_status":"closed","ping_status":"open","template":"","meta":{"_mc_calendar":[],"footnotes":""},"class_list":["post-93","page","type-page","status-publish"],"_links":{"self":[{"href":"https:\/\/www.grundschule-lastrup.de\/index.php?rest_route=\/wp\/v2\/pages\/93","targetHints":{"allow":["GET"]}}],"collection":[{"href":"https:\/\/www.grundschule-lastrup.de\/index.php?rest_route=\/wp\/v2\/pages"}],"about":[{"href":"https:\/\/www.grundschule-lastrup.de\/index.php?rest_route=\/wp\/v2\/types\/page"}],"author":[{"embeddable":true,"href":"https:\/\/www.grundschule-lastrup.de\/index.php?rest_route=\/wp\/v2\/users\/4"}],"replies":[{"embeddable":true,"href":"https:\/\/www.grundschule-lastrup.de\/index.php?rest_route=%2Fwp%2Fv2%2Fcomments&post=93"}],"version-history":[{"count":23,"href":"https:\/\/www.grundschule-lastrup.de\/index.php?rest_route=\/wp\/v2\/pages\/93\/revisions"}],"predecessor-version":[{"id":3662,"href":"https:\/\/www.grundschule-lastrup.de\/index.php?rest_route=\/wp\/v2\/pages\/93\/revisions\/3662"}],"up":[{"embeddable":true,"href":"https:\/\/www.grundschule-lastrup.de\/index.php?rest_route=\/wp\/v2\/pages\/69"}],"wp:attachment":[{"href":"https:\/\/www.grundschule-lastrup.de\/index.php?rest_route=%2Fwp%2Fv2%2Fmedia&parent=93"}],"curies":[{"name":"wp","href":"https:\/\/api.w.org\/{rel}","templated":true}]}}