{"id":96,"date":"2015-06-18T18:23:22","date_gmt":"2015-06-18T16:23:22","guid":{"rendered":"https:\/\/www.grundschule-lastrup.de\/?page_id=96"},"modified":"2025-05-20T16:47:53","modified_gmt":"2025-05-20T14:47:53","slug":"foerderverein","status":"publish","type":"page","link":"https:\/\/www.grundschule-lastrup.de\/?page_id=96","title":{"rendered":"F\u00f6rderverein"},"content":{"rendered":"<p>Liebe Eltern und Freunde der Astrid Lindgren Schule Lastrup,<\/p>\n<p>der F\u00f6rderverein der Astrid Lindgren Schule e.V. wurde 1997 mit dem Ziel gegr\u00fcndet, die ideelle und materielle F\u00f6rderung an der Grundschule \u00fcberall dort, wo die &#8222;\u00f6ffentliche Hand&#8220; nicht mehr greift, zu unterst\u00fctzen. Mitglieder sind Eltern, F\u00f6rderer und G\u00f6nner unserer Schule, die durch ihre Mitgliedsbeitr\u00e4ge und Spenden unsere Ziele verwirklichen helfen.<\/p>\n<p>Die F\u00f6rdermittel des F\u00f6rdervereins resultieren im Wesentlichen aus der Akquisition von Spenden sowie aus den Mitgliedsbeitr\u00e4gen.<\/p>\n<p>Der F\u00f6rderverein ist vom Finanzamt als gemeinn\u00fctzig anerkannt und kann damit Spendenbescheinigungen ausstellen.<\/p>\n<p>Den Spenden und Mitgliedern, die die Arbeit des F\u00f6rdervereins bisher durch Spenden, ihre Beitr\u00e4ge und ihr Engagement unterst\u00fctzt haben, m\u00f6chten wir herzlich danken.<\/p>\n<p>Damit der F\u00f6rderverein der Astrid Lindgren Schule Lastrup auch in Zukunft bei wichtigen kleinen und gro\u00dfen Projekten helfen kann, bitten wir alle Eltern, Ehemaligen und Freunde um ihre Unterst\u00fctzung zum Wohle unserer Grundsch\u00fcler.<\/p>\n<p>Werden sie Mitglied im F\u00f6rderverein und\/oder unterst\u00fctzen Sie unsere Arbeit durch Ihre Spende!<\/p>\n<p>Weitere Informationen finden Sie in unserem aktuellen <a href=\"https:\/\/www.grundschule-lastrup.de\/wp-content\/uploads\/2015\/06\/Flyer.pdf\">Flyer<\/a>!<\/p>\n","protected":false},"excerpt":{"rendered":"<p>Liebe Eltern und Freunde der Astrid Lindgren Schule Lastrup, der F\u00f6rderverein der Astrid Lindgren Schule e.V. wurde 1997 mit dem Ziel gegr\u00fcndet, die ideelle und materielle F\u00f6rderung an der Grundschule \u00fcberall dort, wo die &#8222;\u00f6ffentliche Hand&#8220; nicht mehr greift, zu unterst\u00fctzen. Mitglieder sind Eltern, F\u00f6rderer und G\u00f6nner unserer Schule, die durch ihre Mitgliedsbeitr\u00e4ge und Spenden &#8230; <a title=\"F\u00f6rderverein\" class=\"read-more\" href=\"https:\/\/www.grundschule-lastrup.de\/?page_id=96\" aria-label=\"Mehr Informationen \u00fcber F\u00f6rderverein\">Weiterlesen<\/a><\/p>\n","protected":false},"author":2,"featured_media":0,"parent":0,"menu_order":0,"comment_status":"closed","ping_status":"open","template":"","meta":{"_mc_calendar":[],"footnotes":""},"class_list":["post-96","page","type-page","status-publish"],"_links":{"self":[{"href":"https:\/\/www.grundschule-lastrup.de\/index.php?rest_route=\/wp\/v2\/pages\/96","targetHints":{"allow":["GET"]}}],"collection":[{"href":"https:\/\/www.grundschule-lastrup.de\/index.php?rest_route=\/wp\/v2\/pages"}],"about":[{"href":"https:\/\/www.grundschule-lastrup.de\/index.php?rest_route=\/wp\/v2\/types\/page"}],"author":[{"embeddable":true,"href":"https:\/\/www.grundschule-lastrup.de\/index.php?rest_route=\/wp\/v2\/users\/2"}],"replies":[{"embeddable":true,"href":"https:\/\/www.grundschule-lastrup.de\/index.php?rest_route=%2Fwp%2Fv2%2Fcomments&post=96"}],"version-history":[{"count":3,"href":"https:\/\/www.grundschule-lastrup.de\/index.php?rest_route=\/wp\/v2\/pages\/96\/revisions"}],"predecessor-version":[{"id":110,"href":"https:\/\/www.grundschule-lastrup.de\/index.php?rest_route=\/wp\/v2\/pages\/96\/revisions\/110"}],"wp:attachment":[{"href":"https:\/\/www.grundschule-lastrup.de\/index.php?rest_route=%2Fwp%2Fv2%2Fmedia&parent=96"}],"curies":[{"name":"wp","href":"https:\/\/api.w.org\/{rel}","templated":true}]}}